{"id":23612,"date":"2021-12-07T09:55:42","date_gmt":"2021-12-07T09:55:42","guid":{"rendered":"https:\/\/www.ragipsahin.com.tr\/?page_id=23612"},"modified":"2021-12-07T09:55:42","modified_gmt":"2021-12-07T09:55:42","slug":"kullanim-ve-gizlilik","status":"publish","type":"page","link":"https:\/\/www.ragipsahin.com.tr\/?page_id=23612","title":{"rendered":"Kullan\u0131m ve Gizlilik"},"content":{"rendered":"<h2>KULLANIM ve G\u0130ZL\u0130L\u0130K POL\u0130T\u0130KASI<\/h2>\n<p>Web sitemizin adresi : https:\/\/www.ragipsahin.com.tr\/<\/p>\n<h2>Ama\u00e7 ve \u0130\u00e7erik<\/h2>\n<p>Web sitemiz ihtiya\u00e7 duyan herkese faydal\u0131 i\u00e7erikler ula\u015ft\u0131rma \u00e7abas\u0131ndad\u0131r.<\/p>\n<p>Size sundu\u011fumuz bilgilerin ve materyallerin do\u011fru ve ge\u00e7erli olmas\u0131 i\u00e7in gayret g\u00f6steriyoruz. Ancak sitemizdeki veya sitemizden y\u00f6nlendirilen sitelerdeki bilgilerin do\u011frulu\u011fu hakk\u0131nda garanti verememekteyiz.<\/p>\n<p>Sitemizde yer alan ba\u011flant\u0131lar sizi ba\u015fka sitelere y\u00f6nlendirebilir. Bu sitelerde yer alan i\u00e7erikten ve daha sonra yap\u0131lacak olan de\u011fi\u015fiklikten de ragipsahin.com.tr sorumlu de\u011fildir. Sitemize eri\u015fiminiz, bu sitede yer alan herhangi bir materyali, videoyu, dosyay\u0131 veya belgeyi indirmeniz nedeniyle bilgisayar\u0131n\u0131zda veya ba\u015fka bir mal\u0131n\u0131zda meydana gelebilecek herhangi bir zarardan kerimhoca.com sorumlu tutulamaz.<\/p>\n<h2>Bilgi Payla\u015fma<\/h2>\n<p>Sitemizde sizinle ilgili olarak toplanan hi\u00e7bir bilgi, hi\u00e7bir surette \u00fc\u00e7\u00fcnc\u00fc \u015fah\u0131slarla payla\u015f\u0131lmamaktad\u0131r.<\/p>\n<h2>\u00c7erezler<\/h2>\n<p>Sitemizde \u00fc\u00e7\u00fcnc\u00fc taraf sat\u0131c\u0131 olarak Google, sitemizde reklam yay\u0131nlamak i\u00e7in \u00e7erezlerden yararlan\u0131r.<\/p>\n<p>Google, DART \u00e7erezlerini kullanarak kullan\u0131c\u0131lar\u0131n\u0131za, sitemize ve internetteki di\u011fer sitelere yapt\u0131klar\u0131 ziyaretlere dayal\u0131 reklamlar sunar.<\/p>\n<p>Kullan\u0131c\u0131lar, <a href=\"http:\/\/www.google.com\/privacy_ads.html\" target=\"_blank\" rel=\"noopener\">Google reklam ve i\u00e7erik a\u011f\u0131 gizlilik politikas\u0131n\u0131<\/a> ziyaret ederek DART \u00e7erezinin kullan\u0131lmas\u0131n\u0131 engelleyebilir.<\/p>\n<p>Bu Gizlilik S\u00f6zle\u015fmesi, bize verdi\u011finiz bilgilerin ragipsahin.com.tr taraf\u0131ndan ne \u015fekilde kullan\u0131l\u0131p korundu\u011funu anlaman\u0131z amac\u0131yla haz\u0131rlanm\u0131\u015ft\u0131r.<\/p>\n<p>5846 say\u0131l\u0131 kanunun 25. maddesinin ek 4. maddesine g\u00f6re hakk\u0131 ihlal edilen \u00f6ncelikle \u00fc\u00e7 g\u00fcn i\u00e7inde ihlalin durdurulmas\u0131n\u0131 istemek zorundad\u0131r. E\u011fer ihlal edilen bir durum s\u00f6z konusu ise \u201c<a href=\"https:\/\/www.ragipsahin.com.tr\/?p=5017\" target=\"_blank\" rel=\"noopener\"><strong>ileti\u015fim<\/strong><\/a>\u201c adresinden bize ula\u015f\u0131n\u0131z.<\/p>\n<p>ragipsahin.com.tr, gerekli g\u00f6r\u00fcld\u00fc\u011f\u00fcnde i\u015fbu Gizlilik S\u00f6zle\u015fmesi\u2019nin h\u00fck\u00fcmlerini de\u011fi\u015ftirme hakk\u0131n\u0131 sakl\u0131 tutmaktad\u0131r. ragipsahin.com.tr\u2019yi kullanarak, bu Gizlilik S\u00f6zle\u015fmesi\u2019ni kabul etti\u011finizi ifade etmi\u015f olursunuz.<\/p>\n","protected":false},"excerpt":{"rendered":"<p>KULLANIM ve G\u0130ZL\u0130L\u0130K POL\u0130T\u0130KASI Web sitemizin adresi : https:\/\/www.ragipsahin.com.tr\/ Ama\u00e7 ve \u0130\u00e7erik Web sitemiz ihtiya\u00e7 duyan herkese faydal\u0131 i\u00e7erikler ula\u015ft\u0131rma \u00e7abas\u0131ndad\u0131r. Size sundu\u011fumuz bilgilerin ve materyallerin do\u011fru ve ge\u00e7erli olmas\u0131 i\u00e7in gayret g\u00f6steriyoruz. Ancak sitemizdeki veya sitemizden y\u00f6nlendirilen sitelerdeki bilgilerin do\u011frulu\u011fu hakk\u0131nda garanti verememekteyiz. Sitemizde yer alan ba\u011flant\u0131lar sizi ba\u015fka sitelere y\u00f6nlendirebilir. Bu sitelerde yer &hellip;<\/p>\n","protected":false},"author":3,"featured_media":0,"parent":0,"menu_order":0,"comment_status":"closed","ping_status":"closed","template":"","meta":{"footnotes":""},"class_list":["post-23612","page","type-page","status-publish","hentry"],"aioseo_notices":[],"jetpack_shortlink":"https:\/\/wp.me\/P2YBEC-68Q","jetpack_sharing_enabled":true,"amp_enabled":true,"_links":{"self":[{"href":"https:\/\/www.ragipsahin.com.tr\/index.php?rest_route=\/wp\/v2\/pages\/23612","targetHints":{"allow":["GET"]}}],"collection":[{"href":"https:\/\/www.ragipsahin.com.tr\/index.php?rest_route=\/wp\/v2\/pages"}],"about":[{"href":"https:\/\/www.ragipsahin.com.tr\/index.php?rest_route=\/wp\/v2\/types\/page"}],"author":[{"embeddable":true,"href":"https:\/\/www.ragipsahin.com.tr\/index.php?rest_route=\/wp\/v2\/users\/3"}],"replies":[{"embeddable":true,"href":"https:\/\/www.ragipsahin.com.tr\/index.php?rest_route=%2Fwp%2Fv2%2Fcomments&post=23612"}],"version-history":[{"count":1,"href":"https:\/\/www.ragipsahin.com.tr\/index.php?rest_route=\/wp\/v2\/pages\/23612\/revisions"}],"predecessor-version":[{"id":23613,"href":"https:\/\/www.ragipsahin.com.tr\/index.php?rest_route=\/wp\/v2\/pages\/23612\/revisions\/23613"}],"wp:attachment":[{"href":"https:\/\/www.ragipsahin.com.tr\/index.php?rest_route=%2Fwp%2Fv2%2Fmedia&parent=23612"}],"curies":[{"name":"wp","href":"https:\/\/api.w.org\/{rel}","templated":true}]}}